{"id":11,"date":"2020-11-02T23:56:13","date_gmt":"2020-11-03T02:56:13","guid":{"rendered":"http:\/\/guimaraesemeireles.com.br\/2020\/?page_id=11"},"modified":"2022-04-11T17:06:34","modified_gmt":"2022-04-11T20:06:34","slug":"areas-de-atuacao","status":"publish","type":"page","link":"http:\/\/guimaraesemeireles.com.br\/2020\/areas-de-atuacao\/","title":{"rendered":"\u00c1REAS DE ATUA\u00c7\u00c3O"},"content":{"rendered":"<p>[vc_row css=&#8221;.vc_custom_1605817972077{padding-top: 35px !important;padding-bottom: 35px !important;}&#8221;][vc_column][vc_column_text]<\/p>\n<h1 style=\"text-align: center;\">\u00c1REAS DE ATUA\u00c7\u00c3O<\/h1>\n<p>[\/vc_column_text][\/vc_column][\/vc_row][vc_row css=&#8221;.vc_custom_1608157269395{padding-bottom: 30px !important;}&#8221;][vc_column][vc_column_text]O escrit\u00f3rio GUIMAR\u00c3ES &amp; MEIRELES ADVOGADOS ASSOCIADOS S\/C atende clientes de diversos segmentos da economia: Com\u00e9rcio, Constru\u00e7\u00e3o Civil, Hospitalar, Manuten\u00e7\u00e3o Industrial, M\u00e9dica, Minera\u00e7\u00e3o, Perfura\u00e7\u00e3o de Petr\u00f3leo, Planos de Sa\u00fade, Transportes e Energia. E nossos profissionais, al\u00e9m de atuarem em diversas \u00e1reas do Direito, s\u00e3o especialistas nos seguintes segmentos:[\/vc_column_text][\/vc_column][\/vc_row][vc_row][vc_column][vc_tta_tour color=&#8221;chino&#8221; active_section=&#8221;1&#8243; el_class=&#8221;tab&#8221;][vc_tta_section title=&#8221;ARBITRAGEM&#8221; tab_id=&#8221;1605818088674-1fe6cf77-f68a&#8221;][vc_column_text]Elabora\u00e7\u00e3o de cl\u00e1usula compromiss\u00f3ria e compromisso arbitral, incluindo assessoria na escolha da C\u00e2mara Arbitral.<\/p>\n<p>An\u00e1lise da conveni\u00eancia de utiliza\u00e7\u00e3o da arbitragem.<\/p>\n<p>Atua\u00e7\u00e3o em arbitragens.[\/vc_column_text][\/vc_tta_section][vc_tta_section title=&#8221;ASSESSORAMENTO EXTRAJUDICIAL&#8221; tab_id=&#8221;1605818088689-7b11709f-b2b8&#8243;][vc_column_text]An\u00e1lise de consultas com a emiss\u00e3o de opinativos jur\u00eddicos.<\/p>\n<p>Emiss\u00e3o de pareceres para utiliza\u00e7\u00e3o em processos judicias.<\/p>\n<p>Aconselhamento sobre a melhor estrat\u00e9gia a ser utilizada para a defesa dos interesses do Cliente.<\/p>\n<p>An\u00e1lise de riscos e identifica\u00e7\u00e3o de medidas preventivas.<\/p>\n<p>Outros assessoramentos correlatos[\/vc_column_text][\/vc_tta_section][vc_tta_section title=&#8221;COBRAN\u00c7A JUDICIAL&#8221; tab_id=&#8221;1605818377743-46a1db9f-fbce&#8221;][vc_column_text]Notifica\u00e7\u00f5es extrajudiciais anteriormente \u00e0 propositura de demandas.<\/p>\n<p>A\u00e7\u00f5es Judiciais para cobran\u00e7as em geral.<\/p>\n<p>Outros assessoramentos correlatos.[\/vc_column_text][\/vc_tta_section][vc_tta_section title=&#8221;CONCURSOS P\u00daBLICOS&#8221; tab_id=&#8221;1605818400911-72dbe22a-df1a&#8221;][vc_column_text]An\u00e1lise de editais de Concursos P\u00fablicos para assessoramento jur\u00eddico.<\/p>\n<p>Propositura de demandas, inclusive Mandados de Seguran\u00e7a quando necess\u00e1rio.<\/p>\n<p>Outros assessoramentos correlatos.[\/vc_column_text][\/vc_tta_section][vc_tta_section title=&#8221;CONTENCIOSO ESTRAT\u00c9GICO&#8221; tab_id=&#8221;1605818429233-6667084c-ba4b&#8221;][vc_column_text]Condu\u00e7\u00e3o especializada nas demandas estrat\u00e9gicas.[\/vc_column_text][\/vc_tta_section][vc_tta_section title=&#8221;CONV\u00caNIOS&#8221; tab_id=&#8221;1633389904785-276dc307-c171&#8243;][vc_column_text]Elabora\u00e7\u00e3o e revis\u00e3o de Instrumentos de Parcerias em geral, Termos de Compromisso e Instrumentos Cong\u00eaneres<\/p>\n<p>Consultoria em geral sobre situa\u00e7\u00f5es envolvendo Conv\u00eanios ou Instrumentos Cong\u00eaneres<\/p>\n<p>Outros assessoramentos correlatos[\/vc_column_text][\/vc_tta_section][vc_tta_section title=&#8221;LICITA\u00c7\u00d5ES E CONTRATOS ADMINISTRATIVOS&#8221; tab_id=&#8221;1633390109376-501d5080-6746&#8243;][vc_column_text]Impugna\u00e7\u00f5es a Editais de Licita\u00e7\u00e3o<\/p>\n<p>An\u00e1lise de Contratos Administrativos e Editais de Licita\u00e7\u00f5es para assessoramento jur\u00eddico<\/p>\n<p>Recursos em Licita\u00e7\u00f5es<\/p>\n<p>Propositura de demandas judiciais envolvendo atos administrativos<\/p>\n<p>Consultoria em geral sobre situa\u00e7\u00f5es envolvendo Licita\u00e7\u00f5es e Contratos Administrativos<\/p>\n<p>Outros assessoramentos correlatos[\/vc_column_text][\/vc_tta_section][vc_tta_section title=&#8221;DIREITO DO CONSUMIDOR&#8221; tab_id=&#8221;1605818481675-1d7c49bf-7e05&#8243;][vc_column_text]Atua\u00e7\u00e3o em demandas judiciais.<\/p>\n<p>An\u00e1lise e revis\u00e3o de documentos.<\/p>\n<p>Consultoria em geral envolvendo Direito do Consumidor.<\/p>\n<p>Atua\u00e7\u00e3o junto a \u00d3rg\u00e3os Administrativos de Prote\u00e7\u00e3o ao Consumidor.<\/p>\n<p>Outros assessoramentos correlatos[\/vc_column_text][\/vc_tta_section][vc_tta_section title=&#8221;DIREITO DO TRABALHO&#8221; tab_id=&#8221;1605818504015-65758deb-be0c&#8221;][vc_column_text]An\u00e1lise e elabora\u00e7\u00e3o de Regulamento de Empresas.<\/p>\n<p>An\u00e1lise e elabora\u00e7\u00e3o de Pol\u00edticas Internas.<\/p>\n<p>An\u00e1lise e elabora\u00e7\u00e3o de Contratos e Aditivos Contratuais.<\/p>\n<p>Atua\u00e7\u00e3o em demandas judiciais na Justi\u00e7a do Trabalho.<\/p>\n<p>Consultoria em geral sobre situa\u00e7\u00f5es envolvendo Direito do Trabalho.<\/p>\n<p>Atua\u00e7\u00e3o perante o Minist\u00e9rio P\u00fablico do Trabalho em procedimentos administrativos e Inqu\u00e9ritos Civis P\u00fablicos.<\/p>\n<p>Atua\u00e7\u00e3o junto ao Minist\u00e9rio do Trabalho.<\/p>\n<p>Defesa e representa\u00e7\u00e3o de interesses em face de autua\u00e7\u00f5es administrativas e autos de infra\u00e7\u00e3o.<\/p>\n<p>Outros assessoramentos correlatos.[\/vc_column_text][\/vc_tta_section][vc_tta_section title=&#8221;DIREITO M\u00c9DICO&#8221; tab_id=&#8221;1605818518623-c6b1b70a-ba43&#8243;][vc_column_text]Atua\u00e7\u00e3o perante Tribunais de \u00c9tica e Conselhos Profissionais.<\/p>\n<p>Atua\u00e7\u00e3o em demandas judiciais envolvendo responsabilidade civil m\u00e9dica de profissionais e institui\u00e7\u00f5es de sa\u00fade.<\/p>\n<p>Atua\u00e7\u00e3o em demandas judiciais em procedimentos administrativos envolvendo a \u00e1rea da sa\u00fade, inclusive planos de sa\u00fade.<\/p>\n<p>Outros assessoramentos correlatos.[\/vc_column_text][\/vc_tta_section][vc_tta_section title=&#8221;DIREITO PREVIDENCI\u00c1RIO E PREVID\u00caNCIA COMPLEMENTAR&#8221; tab_id=&#8221;1605818534685-d596e948-d40b&#8221;][vc_column_text]Atua\u00e7\u00e3o em demandas judiciais envolvendo Entidades Fechadas de Previd\u00eancia Complementar e Previd\u00eancia Social.<\/p>\n<p>Outros assessoramentos correlatos.[\/vc_column_text][\/vc_tta_section][vc_tta_section title=&#8221;DIREITO SINDICAL&#8221; tab_id=&#8221;1605818584634-27d7f9e0-c073&#8243;][vc_column_text]Atua\u00e7\u00e3o em Acordos ou Conven\u00e7\u00f5es Coletivas de Trabalho.<\/p>\n<p>Elabora\u00e7\u00e3o de minutas de Acordos ou Conven\u00e7\u00f5es Coletivas de Trabalho.<\/p>\n<p>Atua\u00e7\u00e3o em Diss\u00eddios Coletivos.<\/p>\n<p>Atua\u00e7\u00e3o em situa\u00e7\u00f5es de greve.<\/p>\n<p>Assessoramento em procedimentos administrativos perante o Minist\u00e9rio do Trabalho.<\/p>\n<p>Representa\u00e7\u00e3o em Audi\u00eancias de media\u00e7\u00e3o.<\/p>\n<p>Outros assessoramentos correlatos.<\/p>\n<p>[\/vc_column_text][\/vc_tta_section][vc_tta_section title=&#8221;PROTE\u00c7\u00c3O DE DADOS (LGPD E GDPR)&#8221; tab_id=&#8221;1605818599347-f7bd901f-b97f&#8221;][vc_column_text]Consultoria para viabilizar a adequa\u00e7\u00e3o do cliente \u00e0 LGPD.<\/p>\n<p>Elabora\u00e7\u00e3o de documenta\u00e7\u00e3o como Politica de Privacidade, Invent\u00e1rio de Dados, Aviso de Privacidade e revis\u00e3o de contratos.<\/p>\n<p>Realiza\u00e7\u00e3o de treinamentos e workshops envolvendo o tema.<\/p>\n<p>Consultoria em geral sobre situa\u00e7\u00f5es envolvendo a LGPD.<\/p>\n<p>Outros assessoramentos correlatos.[\/vc_column_text][\/vc_tta_section][vc_tta_section title=&#8221;RESPONSABILIDADE CIVIL E CONTRATOS&#8221; tab_id=&#8221;1605818611770-9bcd25c6-0b4e&#8221;][vc_column_text]An\u00e1lise e elabora\u00e7\u00e3o de Contratos e Aditivos contratuais.<\/p>\n<p>An\u00e1lise e elabora\u00e7\u00e3o de Cl\u00e1usulas Contratuais espec\u00edficas.<\/p>\n<p>Avalia\u00e7\u00e3o de riscos relacionados \u00e0 celebra\u00e7\u00e3o de contratos.<\/p>\n<p>Elabora\u00e7\u00e3o de Notifica\u00e7\u00f5es em geral envolvendo rela\u00e7\u00f5es contratuais.<\/p>\n<p>Atua\u00e7\u00f5es em demandas judiciais relacionadas a Contratos e Responsabilidade civil.<\/p>\n<p>Outros assessoramentos correlatos.[\/vc_column_text][\/vc_tta_section][\/vc_tta_tour][\/vc_column][\/vc_row][vc_row css=&#8221;.vc_custom_1608156534258{padding-bottom: 35px !important;background-color: #000000 !important;}&#8221;][vc_column width=&#8221;1\/2&#8243;][vc_single_image image=&#8221;137&#8243; img_size=&#8221;full&#8221; alignment=&#8221;center&#8221;][\/vc_column][vc_column width=&#8221;1\/2&#8243;][vc_column_text]<\/p>\n<h3 style=\"text-align: left;\"><strong>ATUA\u00c7\u00c3O NACIONAL<\/strong><\/h3>\n<p>&nbsp;<\/p>\n<p style=\"color: #fff!important; text-align: left; font-size: 18px;\">Atua\u00e7\u00e3o em quase todo territ\u00f3rio nacional.<br \/>\nProcessos em 21 estados brasileiros e Tribunais superiores.<br \/>\nSede f\u00edsica em Salvador-Bahia<\/p>\n<p>[\/vc_column_text][\/vc_column][\/vc_row]<\/p>\n","protected":false},"excerpt":{"rendered":"<p>[vc_row css=&#8221;.vc_custom_1605817972077{padding-top: 35px !important;padding-bottom: 35px !important;}&#8221;][vc_column][vc_column_text] \u00c1REAS DE ATUA\u00c7\u00c3O [\/vc_column_text][\/vc_column][\/vc_row][vc_row css=&#8221;.vc_custom_1608157269395{padding-bottom: 30px !important;}&#8221;][vc_column][vc_column_text]O escrit\u00f3rio GUIMAR\u00c3ES &amp; MEIRELES ADVOGADOS ASSOCIADOS S\/C atende clientes de diversos segmentos da economia: Com\u00e9rcio, Constru\u00e7\u00e3o Civil, Hospitalar, Manuten\u00e7\u00e3o Industrial, M\u00e9dica, Minera\u00e7\u00e3o, Perfura\u00e7\u00e3o de Petr\u00f3leo, Planos de Sa\u00fade, Transportes e Energia. E nossos profissionais, al\u00e9m de atuarem em diversas \u00e1reas do Direito,\u2026 <a href=\"http:\/\/guimaraesemeireles.com.br\/2020\/areas-de-atuacao\/\">Leia mais<\/a><\/p>\n","protected":false},"author":1,"featured_media":0,"parent":0,"menu_order":0,"comment_status":"closed","ping_status":"closed","template":"","meta":[],"_links":{"self":[{"href":"http:\/\/guimaraesemeireles.com.br\/2020\/wp-json\/wp\/v2\/pages\/11"}],"collection":[{"href":"http:\/\/guimaraesemeireles.com.br\/2020\/wp-json\/wp\/v2\/pages"}],"about":[{"href":"http:\/\/guimaraesemeireles.com.br\/2020\/wp-json\/wp\/v2\/types\/page"}],"author":[{"embeddable":true,"href":"http:\/\/guimaraesemeireles.com.br\/2020\/wp-json\/wp\/v2\/users\/1"}],"replies":[{"embeddable":true,"href":"http:\/\/guimaraesemeireles.com.br\/2020\/wp-json\/wp\/v2\/comments?post=11"}],"version-history":[{"count":23,"href":"http:\/\/guimaraesemeireles.com.br\/2020\/wp-json\/wp\/v2\/pages\/11\/revisions"}],"predecessor-version":[{"id":826,"href":"http:\/\/guimaraesemeireles.com.br\/2020\/wp-json\/wp\/v2\/pages\/11\/revisions\/826"}],"wp:attachment":[{"href":"http:\/\/guimaraesemeireles.com.br\/2020\/wp-json\/wp\/v2\/media?parent=11"}],"curies":[{"name":"wp","href":"https:\/\/api.w.org\/{rel}","templated":true}]}}